{"id":1381,"date":"2020-08-27T18:25:23","date_gmt":"2020-08-27T18:25:23","guid":{"rendered":"https:\/\/maz-consultancy.com\/nos-services\/"},"modified":"2020-08-27T18:25:23","modified_gmt":"2020-08-27T18:25:23","slug":"nos-services","status":"publish","type":"page","link":"https:\/\/maz-consultancy.com\/fr\/nos-services\/","title":{"rendered":"Nos Services"},"content":{"rendered":"\t\t<div data-elementor-type=\"wp-page\" data-elementor-id=\"1381\" class=\"elementor elementor-1381 elementor-273\">\n\t\t\t\t\t\t<section class=\"elementor-section elementor-top-section elementor-element elementor-element-313bb7b elementor-section-boxed elementor-section-height-default elementor-section-height-default\" data-id=\"313bb7b\" data-element_type=\"section\">\r\n\t\t\t\t\t\t<div class=\"elementor-container elementor-column-gap-extended \" >\r\n\t\t\t        <div class=\"elementor-column elementor-col-100 elementor-top-column elementor-element elementor-element-b957524\" data-id=\"b957524\" data-element_type=\"column\">\r\n            <div class=\"elementor-widget-wrap elementor-element-populated\">\r\n                \t\t<div class=\"elementor-element elementor-element-bcc8145 elementor-widget elementor-widget-cms_service_grid\" data-id=\"bcc8145\" data-element_type=\"widget\" data-widget_type=\"cms_service_grid.default\">\n\t\t\t\t<div class=\"elementor-widget-container\">\n\t\t\t\t\t\n<div id=\"cms_service_grid-bcc8145\" class=\"cms-grid cms-service-grid1\" data-layout=\"masonry\" data-start-page=\"1\" data-max-pages=\"1\" data-total=\"5\" data-perpage=\"6\" data-next-link=\"\">\n    <div class=\"cms-grid-overlay\"><\/div>\n    \n    <div class=\"cms-grid-inner cms-grid-masonry row animate-time\" data-gutter=\"15\">\n                    <div class=\"grid-sizer col-xl-6 col-lg-6 col-md-6 col-sm-6 col-12\"><\/div>\n                                <div class=\"grid-item col-xl-6 col-lg-6 col-md-6 col-sm-6 col-12 \">\n                    <div class=\"grid-item-inner wow fadeInUp\">\n                        <div class=\"item--body\">\n                                                            <div class=\"item--featured\">\n                                    <a href=\"https:\/\/maz-consultancy.com\/fr\/service\/technologie\/\"><img fetchpriority=\"high\" decoding=\"async\" class=\"\" src=\"https:\/\/maz-consultancy.com\/wp-content\/uploads\/2020\/09\/308-600x446.jpg\" width=\"600\" height=\"446\" alt=\"308\" title=\"308\" \/><\/a>\n                                <\/div>\n                                                        <div class=\"item--holder\">\n                                                                    <h3 class=\"item--title\"><a href=\"https:\/\/maz-consultancy.com\/fr\/service\/technologie\/\">Technologie<\/a><\/h3>\n                                                                                                    <div class=\"item--content\">\n                                        MAZ Technology, est une soci\u00e9t\u00e9 de conseil en technologie et transformation digitale.                                    <\/div>\n                                                                                                    <div class=\"item--readmore\">\n                                        <a class=\"btn-more elementor-animation-pagination\" href=\"https:\/\/maz-consultancy.com\/fr\/service\/technologie\/\"><span>+<\/span><i class=\"icofont-arrow-right\"><\/i><\/a>\n                                    <\/div>\n                                                            <\/div>\n                        <\/div>\n                    <\/div>\n                <\/div>\n                            <div class=\"grid-item col-xl-6 col-lg-6 col-md-6 col-sm-6 col-12 \">\n                    <div class=\"grid-item-inner wow fadeInUp\">\n                        <div class=\"item--body\">\n                                                            <div class=\"item--featured\">\n                                    <a href=\"https:\/\/maz-consultancy.com\/fr\/service\/etudes-dingenierie-specialisees\/\"><img decoding=\"async\" class=\"\" src=\"https:\/\/maz-consultancy.com\/wp-content\/uploads\/2020\/08\/1956-600x446.jpg\" width=\"600\" height=\"446\" alt=\"1956\" title=\"1956\" \/><\/a>\n                                <\/div>\n                                                        <div class=\"item--holder\">\n                                                                    <h3 class=\"item--title\"><a href=\"https:\/\/maz-consultancy.com\/fr\/service\/etudes-dingenierie-specialisees\/\">\u00c9tudes d\u2019ing\u00e9nierie sp\u00e9cialis\u00e9es<\/a><\/h3>\n                                                                                                                                    <div class=\"item--readmore\">\n                                        <a class=\"btn-more elementor-animation-pagination\" href=\"https:\/\/maz-consultancy.com\/fr\/service\/etudes-dingenierie-specialisees\/\"><span>+<\/span><i class=\"icofont-arrow-right\"><\/i><\/a>\n                                    <\/div>\n                                                            <\/div>\n                        <\/div>\n                    <\/div>\n                <\/div>\n                            <div class=\"grid-item col-xl-6 col-lg-6 col-md-6 col-sm-6 col-12 \">\n                    <div class=\"grid-item-inner wow fadeInUp\">\n                        <div class=\"item--body\">\n                                                            <div class=\"item--featured\">\n                                    <a href=\"https:\/\/maz-consultancy.com\/fr\/service\/ingenierie\/\"><img decoding=\"async\" class=\"\" src=\"https:\/\/maz-consultancy.com\/wp-content\/uploads\/2020\/08\/8743-600x446.jpg\" width=\"600\" height=\"446\" alt=\"8743\" title=\"8743\" \/><\/a>\n                                <\/div>\n                                                        <div class=\"item--holder\">\n                                                                    <h3 class=\"item--title\"><a href=\"https:\/\/maz-consultancy.com\/fr\/service\/ingenierie\/\">Ing\u00e9nierie<\/a><\/h3>\n                                                                                                                                    <div class=\"item--readmore\">\n                                        <a class=\"btn-more elementor-animation-pagination\" href=\"https:\/\/maz-consultancy.com\/fr\/service\/ingenierie\/\"><span>+<\/span><i class=\"icofont-arrow-right\"><\/i><\/a>\n                                    <\/div>\n                                                            <\/div>\n                        <\/div>\n                    <\/div>\n                <\/div>\n                            <div class=\"grid-item col-xl-6 col-lg-6 col-md-6 col-sm-6 col-12 \">\n                    <div class=\"grid-item-inner wow fadeInUp\">\n                        <div class=\"item--body\">\n                                                        <div class=\"item--holder\">\n                                                                    <h3 class=\"item--title\"><a href=\"https:\/\/maz-consultancy.com\/fr\/service\/conseil-en-gestion-de-projet\/\">Etude \u2013 Audit \u2013 Conseil<\/a><\/h3>\n                                                                                                                                    <div class=\"item--readmore\">\n                                        <a class=\"btn-more elementor-animation-pagination\" href=\"https:\/\/maz-consultancy.com\/fr\/service\/conseil-en-gestion-de-projet\/\"><span>+<\/span><i class=\"icofont-arrow-right\"><\/i><\/a>\n                                    <\/div>\n                                                            <\/div>\n                        <\/div>\n                    <\/div>\n                <\/div>\n                            <div class=\"grid-item col-xl-6 col-lg-6 col-md-6 col-sm-6 col-12 \">\n                    <div class=\"grid-item-inner wow fadeInUp\">\n                        <div class=\"item--body\">\n                                                            <div class=\"item--featured\">\n                                    <a href=\"https:\/\/maz-consultancy.com\/fr\/service\/project-management\/\"><img loading=\"lazy\" decoding=\"async\" class=\"\" src=\"https:\/\/maz-consultancy.com\/wp-content\/uploads\/2020\/08\/61-600x446.jpg\" width=\"600\" height=\"446\" alt=\"61\" title=\"61\" \/><\/a>\n                                <\/div>\n                                                        <div class=\"item--holder\">\n                                                                    <h3 class=\"item--title\"><a href=\"https:\/\/maz-consultancy.com\/fr\/service\/project-management\/\">Conseil en gestion de projet<\/a><\/h3>\n                                                                                                    <div class=\"item--content\">\n                                        MAZ has the resources and key talents to provide the most practical solutions adapted to your needs.                                    <\/div>\n                                                                                                    <div class=\"item--readmore\">\n                                        <a class=\"btn-more elementor-animation-pagination\" href=\"https:\/\/maz-consultancy.com\/fr\/service\/project-management\/\"><span>+<\/span><i class=\"icofont-arrow-right\"><\/i><\/a>\n                                    <\/div>\n                                                            <\/div>\n                        <\/div>\n                    <\/div>\n                <\/div>\n                <\/div>\n        <\/div>\t\t\t\t<\/div>\n\t\t\t\t<\/div>\n\t\t            <\/div>\r\n        <\/div>\r\n        \t\t\t<\/div>\r\n\t\t<\/section>\r\n\t\t\t\t<section class=\"elementor-section elementor-top-section elementor-element elementor-element-48a74ffa elementor-section-stretched elementor-section-content-middle elementor-section-boxed elementor-section-height-default elementor-section-height-default\" data-id=\"48a74ffa\" data-element_type=\"section\" data-settings=\"{&quot;stretch_section&quot;:&quot;section-stretched&quot;,&quot;background_background&quot;:&quot;classic&quot;}\">\r\n\t\t\t\t\t\t\t<div class=\"elementor-background-overlay\"><\/div>\r\n\t\t\t\t\t\t\t<div class=\"elementor-container elementor-column-gap-extended \" >\r\n\t\t\t        <div class=\"elementor-column elementor-col-50 elementor-top-column elementor-element elementor-element-4d3b0565\" data-id=\"4d3b0565\" data-element_type=\"column\">\r\n            <div class=\"elementor-widget-wrap elementor-element-populated\">\r\n                \t\t<div class=\"elementor-element elementor-element-77a3a084 elementor-widget elementor-widget-cms_heading\" data-id=\"77a3a084\" data-element_type=\"widget\" data-widget_type=\"cms_heading.default\">\n\t\t\t\t<div class=\"elementor-widget-container\">\n\t\t\t\t\t<div class=\"cms-heading-wrapper cms-heading-layout1 \">\n    \n            <h3 class=\"custom-heading \">\n            <span >Do you need more informations ?<\/span>\n        <\/h3>\n        \n        \n    <\/div>\t\t\t\t<\/div>\n\t\t\t\t<\/div>\n\t\t            <\/div>\r\n        <\/div>\r\n                <div class=\"elementor-column elementor-col-50 elementor-top-column elementor-element elementor-element-7f6c57da el-align-right\" data-id=\"7f6c57da\" data-element_type=\"column\">\r\n            <div class=\"elementor-widget-wrap elementor-element-populated\">\r\n                \t\t<div class=\"elementor-element elementor-element-24ac1270 el-inline elementor-widget elementor-widget-cms_button\" data-id=\"24ac1270\" data-element_type=\"widget\" data-widget_type=\"cms_button.default\">\n\t\t\t\t<div class=\"elementor-widget-container\">\n\t\t\t\t\t<div class=\"cms-button-wrapper cms-button-layout1 \">\n    <a href=\"#\" class=\"btn btn-secondary btn-secondary-hover-white\">\n                            <span class=\"cms-button-icon cms-align-icon-\">\n                            <\/span>\n                <span class=\"cms-button-text\">Download our brochure<\/span>\n    <\/a>\n<\/div>\t\t\t\t<\/div>\n\t\t\t\t<\/div>\n\t\t\t\t<div class=\"elementor-element elementor-element-5c8b0e2c el-inline elementor-widget elementor-widget-cms_button\" data-id=\"5c8b0e2c\" data-element_type=\"widget\" data-widget_type=\"cms_button.default\">\n\t\t\t\t<div class=\"elementor-widget-container\">\n\t\t\t\t\t<div class=\"cms-button-wrapper cms-button-layout1 \">\n    <a href=\"#\" class=\"btn btn-white\">\n                            <span class=\"cms-button-icon cms-align-icon-\">\n                            <\/span>\n                <span class=\"cms-button-text\">contact us<\/span>\n    <\/a>\n<\/div>\t\t\t\t<\/div>\n\t\t\t\t<\/div>\n\t\t            <\/div>\r\n        <\/div>\r\n        \t\t\t<\/div>\r\n\t\t<\/section>\r\n\t\t\t\t<\/div>\n\t\t","protected":false},"excerpt":{"rendered":"<p>Assessment \u2013 Audit \u2013 Counseling MAZ has the key expertise and resources in-house to help its clients make better decisions on matters of concern to them. + Project Management MAZ has the resources and key talents to provide the most practical solutions adapted to your needs. + Engineering We are able to provide specialized engineering [&hellip;]<\/p>\n","protected":false},"author":1,"featured_media":0,"parent":0,"menu_order":0,"comment_status":"closed","ping_status":"closed","template":"","meta":{"footnotes":""},"class_list":["post-1381","page","type-page","status-publish","hentry"],"yoast_head":"<!-- This site is optimized with the Yoast SEO plugin v27.2 - https:\/\/yoast.com\/product\/yoast-seo-wordpress\/ -->\n<title>Nos Services - MAZ<\/title>\n<meta name=\"robots\" content=\"index, follow, max-snippet:-1, max-image-preview:large, max-video-preview:-1\" \/>\n<link rel=\"canonical\" href=\"https:\/\/maz-consultancy.com\/fr\/nos-services\/\" \/>\n<meta property=\"og:locale\" content=\"fr_FR\" \/>\n<meta property=\"og:type\" content=\"article\" \/>\n<meta property=\"og:title\" content=\"Nos Services - MAZ\" \/>\n<meta property=\"og:description\" content=\"Assessment \u2013 Audit \u2013 Counseling MAZ has the key expertise and resources in-house to help its clients make better decisions on matters of concern to them. + Project Management MAZ has the resources and key talents to provide the most practical solutions adapted to your needs. + Engineering We are able to provide specialized engineering [&hellip;]\" \/>\n<meta property=\"og:url\" content=\"https:\/\/maz-consultancy.com\/fr\/nos-services\/\" \/>\n<meta property=\"og:site_name\" content=\"MAZ\" \/>\n<meta property=\"og:image\" content=\"https:\/\/maz-consultancy.com\/wp-content\/uploads\/2019\/12\/360-scaled-600x446.jpg\" \/>\n<meta name=\"twitter:card\" content=\"summary_large_image\" \/>\n<script type=\"application\/ld+json\" class=\"yoast-schema-graph\">{\"@context\":\"https:\/\/schema.org\",\"@graph\":[{\"@type\":\"WebPage\",\"@id\":\"https:\/\/maz-consultancy.com\/fr\/nos-services\/\",\"url\":\"https:\/\/maz-consultancy.com\/fr\/nos-services\/\",\"name\":\"Nos Services - MAZ\",\"isPartOf\":{\"@id\":\"https:\/\/maz-consultancy.com\/#website\"},\"primaryImageOfPage\":{\"@id\":\"https:\/\/maz-consultancy.com\/fr\/nos-services\/#primaryimage\"},\"image\":{\"@id\":\"https:\/\/maz-consultancy.com\/fr\/nos-services\/#primaryimage\"},\"thumbnailUrl\":\"https:\/\/maz-consultancy.com\/wp-content\/uploads\/2019\/12\/360-scaled-600x446.jpg\",\"datePublished\":\"2020-08-27T18:25:23+00:00\",\"breadcrumb\":{\"@id\":\"https:\/\/maz-consultancy.com\/fr\/nos-services\/#breadcrumb\"},\"inLanguage\":\"fr-FR\",\"potentialAction\":[{\"@type\":\"ReadAction\",\"target\":[\"https:\/\/maz-consultancy.com\/fr\/nos-services\/\"]}]},{\"@type\":\"ImageObject\",\"inLanguage\":\"fr-FR\",\"@id\":\"https:\/\/maz-consultancy.com\/fr\/nos-services\/#primaryimage\",\"url\":\"https:\/\/maz-consultancy.com\/wp-content\/uploads\/2019\/12\/360-scaled-600x446.jpg\",\"contentUrl\":\"https:\/\/maz-consultancy.com\/wp-content\/uploads\/2019\/12\/360-scaled-600x446.jpg\"},{\"@type\":\"BreadcrumbList\",\"@id\":\"https:\/\/maz-consultancy.com\/fr\/nos-services\/#breadcrumb\",\"itemListElement\":[{\"@type\":\"ListItem\",\"position\":1,\"name\":\"Home\",\"item\":\"https:\/\/maz-consultancy.com\/fr\/\"},{\"@type\":\"ListItem\",\"position\":2,\"name\":\"Nos Services\"}]},{\"@type\":\"WebSite\",\"@id\":\"https:\/\/maz-consultancy.com\/#website\",\"url\":\"https:\/\/maz-consultancy.com\/\",\"name\":\"MAZ\",\"description\":\"Oil, Gas &amp; Technology\",\"potentialAction\":[{\"@type\":\"SearchAction\",\"target\":{\"@type\":\"EntryPoint\",\"urlTemplate\":\"https:\/\/maz-consultancy.com\/?s={search_term_string}\"},\"query-input\":{\"@type\":\"PropertyValueSpecification\",\"valueRequired\":true,\"valueName\":\"search_term_string\"}}],\"inLanguage\":\"fr-FR\"}]}<\/script>\n<!-- \/ Yoast SEO plugin. -->","yoast_head_json":{"title":"Nos Services - MAZ","robots":{"index":"index","follow":"follow","max-snippet":"max-snippet:-1","max-image-preview":"max-image-preview:large","max-video-preview":"max-video-preview:-1"},"canonical":"https:\/\/maz-consultancy.com\/fr\/nos-services\/","og_locale":"fr_FR","og_type":"article","og_title":"Nos Services - MAZ","og_description":"Assessment \u2013 Audit \u2013 Counseling MAZ has the key expertise and resources in-house to help its clients make better decisions on matters of concern to them. + Project Management MAZ has the resources and key talents to provide the most practical solutions adapted to your needs. + Engineering We are able to provide specialized engineering [&hellip;]","og_url":"https:\/\/maz-consultancy.com\/fr\/nos-services\/","og_site_name":"MAZ","og_image":[{"url":"https:\/\/maz-consultancy.com\/wp-content\/uploads\/2019\/12\/360-scaled-600x446.jpg","type":"","width":"","height":""}],"twitter_card":"summary_large_image","schema":{"@context":"https:\/\/schema.org","@graph":[{"@type":"WebPage","@id":"https:\/\/maz-consultancy.com\/fr\/nos-services\/","url":"https:\/\/maz-consultancy.com\/fr\/nos-services\/","name":"Nos Services - MAZ","isPartOf":{"@id":"https:\/\/maz-consultancy.com\/#website"},"primaryImageOfPage":{"@id":"https:\/\/maz-consultancy.com\/fr\/nos-services\/#primaryimage"},"image":{"@id":"https:\/\/maz-consultancy.com\/fr\/nos-services\/#primaryimage"},"thumbnailUrl":"https:\/\/maz-consultancy.com\/wp-content\/uploads\/2019\/12\/360-scaled-600x446.jpg","datePublished":"2020-08-27T18:25:23+00:00","breadcrumb":{"@id":"https:\/\/maz-consultancy.com\/fr\/nos-services\/#breadcrumb"},"inLanguage":"fr-FR","potentialAction":[{"@type":"ReadAction","target":["https:\/\/maz-consultancy.com\/fr\/nos-services\/"]}]},{"@type":"ImageObject","inLanguage":"fr-FR","@id":"https:\/\/maz-consultancy.com\/fr\/nos-services\/#primaryimage","url":"https:\/\/maz-consultancy.com\/wp-content\/uploads\/2019\/12\/360-scaled-600x446.jpg","contentUrl":"https:\/\/maz-consultancy.com\/wp-content\/uploads\/2019\/12\/360-scaled-600x446.jpg"},{"@type":"BreadcrumbList","@id":"https:\/\/maz-consultancy.com\/fr\/nos-services\/#breadcrumb","itemListElement":[{"@type":"ListItem","position":1,"name":"Home","item":"https:\/\/maz-consultancy.com\/fr\/"},{"@type":"ListItem","position":2,"name":"Nos Services"}]},{"@type":"WebSite","@id":"https:\/\/maz-consultancy.com\/#website","url":"https:\/\/maz-consultancy.com\/","name":"MAZ","description":"Oil, Gas &amp; Technology","potentialAction":[{"@type":"SearchAction","target":{"@type":"EntryPoint","urlTemplate":"https:\/\/maz-consultancy.com\/?s={search_term_string}"},"query-input":{"@type":"PropertyValueSpecification","valueRequired":true,"valueName":"search_term_string"}}],"inLanguage":"fr-FR"}]}},"_links":{"self":[{"href":"https:\/\/maz-consultancy.com\/fr\/wp-json\/wp\/v2\/pages\/1381","targetHints":{"allow":["GET"]}}],"collection":[{"href":"https:\/\/maz-consultancy.com\/fr\/wp-json\/wp\/v2\/pages"}],"about":[{"href":"https:\/\/maz-consultancy.com\/fr\/wp-json\/wp\/v2\/types\/page"}],"author":[{"embeddable":true,"href":"https:\/\/maz-consultancy.com\/fr\/wp-json\/wp\/v2\/users\/1"}],"replies":[{"embeddable":true,"href":"https:\/\/maz-consultancy.com\/fr\/wp-json\/wp\/v2\/comments?post=1381"}],"version-history":[{"count":1,"href":"https:\/\/maz-consultancy.com\/fr\/wp-json\/wp\/v2\/pages\/1381\/revisions"}],"predecessor-version":[{"id":1382,"href":"https:\/\/maz-consultancy.com\/fr\/wp-json\/wp\/v2\/pages\/1381\/revisions\/1382"}],"wp:attachment":[{"href":"https:\/\/maz-consultancy.com\/fr\/wp-json\/wp\/v2\/media?parent=1381"}],"curies":[{"name":"wp","href":"https:\/\/api.w.org\/{rel}","templated":true}]}}